{"id":445,"date":"2015-11-03T21:24:24","date_gmt":"2015-11-03T21:24:24","guid":{"rendered":"http:\/\/theme-sphere.com\/smart-blog-export\/?page_id=445"},"modified":"2023-06-28T16:19:40","modified_gmt":"2023-06-28T14:19:40","slug":"o-mnie","status":"publish","type":"page","link":"https:\/\/fizjoksiegowa.pl\/?page_id=445","title":{"rendered":"O mnie"},"content":{"rendered":"\t\t<div data-elementor-type=\"wp-page\" data-elementor-id=\"445\" class=\"elementor elementor-445\">\n\t\t\t\t\t\t\t\t\t<section class=\"elementor-section elementor-top-section elementor-element elementor-element-cdacbd0 elementor-section-boxed elementor-section-height-default elementor-section-height-default\" data-id=\"cdacbd0\" data-element_type=\"section\">\n\t\t\t\t\t\t<div class=\"elementor-container elementor-column-gap-default\">\n\t\t\t\t\t<div class=\"elementor-column elementor-col-100 elementor-top-column elementor-element elementor-element-71ad5a1\" data-id=\"71ad5a1\" data-element_type=\"column\">\n\t\t\t<div class=\"elementor-widget-wrap elementor-element-populated\">\n\t\t\t\t\t\t\t\t<div class=\"elementor-element elementor-element-ae60075 elementor-widget elementor-widget-image\" data-id=\"ae60075\" data-element_type=\"widget\" data-widget_type=\"image.default\">\n\t\t\t\t<div class=\"elementor-widget-container\">\n\t\t\t<style>\/*! elementor - v3.14.0 - 26-06-2023 *\/\n.elementor-widget-image{text-align:center}.elementor-widget-image a{display:inline-block}.elementor-widget-image a img[src$=\".svg\"]{width:48px}.elementor-widget-image img{vertical-align:middle;display:inline-block}<\/style>\t\t\t\t\t\t\t\t\t\t\t\t<img loading=\"lazy\" decoding=\"async\" width=\"300\" height=\"68\" src=\"https:\/\/fizjoksiegowa.pl\/wp-content\/uploads\/2021\/12\/logo_wybrane-300x68.png\" class=\"attachment-medium size-medium wp-image-503\" alt=\"\" srcset=\"https:\/\/fizjoksiegowa.pl\/wp-content\/uploads\/2021\/12\/logo_wybrane-300x68.png 300w, https:\/\/fizjoksiegowa.pl\/wp-content\/uploads\/2021\/12\/logo_wybrane.png 600w\" sizes=\"auto, (max-width: 300px) 100vw, 300px\" \/>\t\t\t\t\t\t\t\t\t\t\t\t\t\t\t<\/div>\n\t\t\t\t<\/div>\n\t\t\t\t\t<\/div>\n\t\t<\/div>\n\t\t\t\t\t\t\t<\/div>\n\t\t<\/section>\n\t\t\t\t<section class=\"elementor-section elementor-top-section elementor-element elementor-element-3dd31355 elementor-hidden-tablet elementor-hidden-mobile elementor-section-boxed elementor-section-height-default elementor-section-height-default\" data-id=\"3dd31355\" data-element_type=\"section\">\n\t\t\t\t\t\t<div class=\"elementor-container elementor-column-gap-default\">\n\t\t\t\t\t<div class=\"elementor-column elementor-col-100 elementor-top-column elementor-element elementor-element-d51a084 elementor-hidden-tablet elementor-hidden-mobile\" data-id=\"d51a084\" data-element_type=\"column\" data-settings=\"{&quot;background_background&quot;:&quot;classic&quot;}\">\n\t\t\t<div class=\"elementor-widget-wrap elementor-element-populated\">\n\t\t\t\t\t\t\t\t<div class=\"elementor-element elementor-element-d4fcca7 elementor-widget elementor-widget-text-editor\" data-id=\"d4fcca7\" data-element_type=\"widget\" data-widget_type=\"text-editor.default\">\n\t\t\t\t<div class=\"elementor-widget-container\">\n\t\t\t<style>\/*! elementor - v3.14.0 - 26-06-2023 *\/\n.elementor-widget-text-editor.elementor-drop-cap-view-stacked .elementor-drop-cap{background-color:#69727d;color:#fff}.elementor-widget-text-editor.elementor-drop-cap-view-framed .elementor-drop-cap{color:#69727d;border:3px solid;background-color:transparent}.elementor-widget-text-editor:not(.elementor-drop-cap-view-default) .elementor-drop-cap{margin-top:8px}.elementor-widget-text-editor:not(.elementor-drop-cap-view-default) .elementor-drop-cap-letter{width:1em;height:1em}.elementor-widget-text-editor .elementor-drop-cap{float:left;text-align:center;line-height:1;font-size:50px}.elementor-widget-text-editor .elementor-drop-cap-letter{display:inline-block}<\/style>\t\t\t\t<!-- wp:columns -->\n<div class=\"wp-block-columns\"><!-- wp:column {\"width\":\"33.33%\"} -->\n<div class=\"wp-block-column\" style=\"flex-basis: 33.33%; margin: 0; padding: 0 2rem 0 0;\"><!-- wp:image {\"id\":502,\"sizeSlug\":\"full\",\"linkDestination\":\"none\"} -->\n<figure class=\"wp-block-image size-full\"><img loading=\"lazy\" decoding=\"async\" width=\"468\" height=\"496\" class=\"wp-image-502\" style=\"border-radius: 4px;\" src=\"https:\/\/fizjoksiegowa.pl\/wp-content\/uploads\/2021\/12\/zdjecie_o_mnie.jpg\" alt=\"\" srcset=\"https:\/\/fizjoksiegowa.pl\/wp-content\/uploads\/2021\/12\/zdjecie_o_mnie.jpg 468w, https:\/\/fizjoksiegowa.pl\/wp-content\/uploads\/2021\/12\/zdjecie_o_mnie-283x300.jpg 283w\" sizes=\"auto, (max-width: 468px) 100vw, 468px\" \/><\/figure>\n<!-- \/wp:image --><\/div>\n<!-- \/wp:column -->\n\n<!-- wp:column {\"width\":\"66.66%\"} -->\n<div class=\"wp-block-column\" style=\"flex-basis: 66.66%; padding: 0 0 0 0; margin: 0;\"><!-- wp:paragraph -->\n<h2 style=\"margin:0; font-weight:bold; font-size:32px;\">O mnie<\/h2>\n<h3 style=\"margin: 24px 0 6px 0;\">Cze\u015b\u0107!<\/h3>\n<p style=\"margin: 0 0 6px 0;\">Mam na imi\u0119 Sylwia i jestem ksi\u0119gow\u0105. Zajmuj\u0119 si\u0119 m.in. obs\u0142ug\u0105 podatkow\u0105 fizjoterapeut\u00f3w i\u00a0masa\u017cyst\u00f3w. Stron\u0119 \u201eFizjoksi\u0119gowa\u201d stworzy\u0142am po to, by przybli\u017ca\u0107 Wam, drodzy Terapeuci, kwestie zwi\u0105zane z podatkami i ksi\u0119gowo\u015bci\u0105, z kt\u00f3rymi spotykacie si\u0119 prowadz\u0105c dzia\u0142alno\u015b\u0107 gospodarcz\u0105.<br \/>Na podstawie wielu rozm\u00f3w przeprowadzonych z Wami wiem, \u017ce cz\u0119sto trudno jest znale\u017a\u0107 informacje podatkowe nawi\u0105zuj\u0105ce do specyfiki Waszej bran\u017cy. Zale\u017cy mi na tym, \u017ceby\u015bcie byli \u015bwiadomymi podatkowo przedsi\u0119biorcami, dlatego chc\u0119 podzieli\u0107 si\u0119 z Wami wiedz\u0105 na ten temat. Raz w tygodniu b\u0119d\u0119 umieszcza\u0142a na tej stronie wpis odnosz\u0105cy si\u0119 do najcz\u0119\u015bciej zadawanych mi pyta\u0144. B\u0119d\u0105 to informacje nawi\u0105zuj\u0105ce do Waszej bran\u017cy, jak r\u00f3wnie\u017c uniwersalne dla wszystkich przedsi\u0119biorc\u00f3w.<\/p>\n<p style=\"margin: 0 0 8px 0;\">Mam nadziej\u0119, \u017ce znajdziecie tutaj co\u015b dla siebie.<\/p>\n<b>Zapraszam do \u015bledzenia Fizjoksi\u0119gowej!<\/b> <!-- \/wp:paragraph --><\/div>\n<!-- \/wp:column --><\/div>\n<!-- \/wp:columns -->\t\t\t\t\t\t<\/div>\n\t\t\t\t<\/div>\n\t\t\t\t\t<\/div>\n\t\t<\/div>\n\t\t\t\t\t\t\t<\/div>\n\t\t<\/section>\n\t\t\t\t<section class=\"elementor-section elementor-top-section elementor-element elementor-element-8182613 elementor-hidden-desktop elementor-section-boxed elementor-section-height-default elementor-section-height-default\" data-id=\"8182613\" data-element_type=\"section\">\n\t\t\t\t\t\t<div class=\"elementor-container elementor-column-gap-default\">\n\t\t\t\t\t<div class=\"elementor-column elementor-col-100 elementor-top-column elementor-element elementor-element-0f63208 elementor-hidden-desktop\" data-id=\"0f63208\" data-element_type=\"column\" data-settings=\"{&quot;background_background&quot;:&quot;classic&quot;}\">\n\t\t\t<div class=\"elementor-widget-wrap elementor-element-populated\">\n\t\t\t\t\t\t\t\t<div class=\"elementor-element elementor-element-474ed39 elementor-widget elementor-widget-heading\" data-id=\"474ed39\" data-element_type=\"widget\" data-widget_type=\"heading.default\">\n\t\t\t\t<div class=\"elementor-widget-container\">\n\t\t\t<style>\/*! elementor - v3.14.0 - 26-06-2023 *\/\n.elementor-heading-title{padding:0;margin:0;line-height:1}.elementor-widget-heading .elementor-heading-title[class*=elementor-size-]>a{color:inherit;font-size:inherit;line-height:inherit}.elementor-widget-heading .elementor-heading-title.elementor-size-small{font-size:15px}.elementor-widget-heading .elementor-heading-title.elementor-size-medium{font-size:19px}.elementor-widget-heading .elementor-heading-title.elementor-size-large{font-size:29px}.elementor-widget-heading .elementor-heading-title.elementor-size-xl{font-size:39px}.elementor-widget-heading .elementor-heading-title.elementor-size-xxl{font-size:59px}<\/style><h2 class=\"elementor-heading-title elementor-size-default\">O mnie<\/h2>\t\t<\/div>\n\t\t\t\t<\/div>\n\t\t\t\t<div class=\"elementor-element elementor-element-e91ec94 elementor-widget elementor-widget-text-editor\" data-id=\"e91ec94\" data-element_type=\"widget\" data-widget_type=\"text-editor.default\">\n\t\t\t\t<div class=\"elementor-widget-container\">\n\t\t\t\t\t\t\t<!-- wp:columns -->\n<div class=\"wp-block-columns\"><!-- wp:column {\"width\":\"33.33%\"} -->\n<div class=\"wp-block-column\" style=\"flex-basis: 33.33%; margin: 0; padding: 0 2rem 0 0;\"><!-- wp:image {\"id\":502,\"sizeSlug\":\"full\",\"linkDestination\":\"none\"} -->\n<figure class=\"wp-block-image size-full\"><img loading=\"lazy\" decoding=\"async\" width=\"468\" height=\"496\" class=\"wp-image-502\" style=\"border-radius: 4px;\" src=\"https:\/\/fizjoksiegowa.pl\/wp-content\/uploads\/2021\/12\/zdjecie_o_mnie.jpg\" alt=\"\" srcset=\"https:\/\/fizjoksiegowa.pl\/wp-content\/uploads\/2021\/12\/zdjecie_o_mnie.jpg 468w, https:\/\/fizjoksiegowa.pl\/wp-content\/uploads\/2021\/12\/zdjecie_o_mnie-283x300.jpg 283w\" sizes=\"auto, (max-width: 468px) 100vw, 468px\" \/><\/figure>\n<!-- \/wp:image --><\/div>\n<!-- \/wp:column -->\n\n<!-- wp:column {\"width\":\"66.66%\"} -->\n<div class=\"wp-block-column\" style=\"flex-basis: 66.66%; padding: 0 0 0 0; margin: 0;\"><!-- wp:paragraph -->\n<h3>Cze\u015b\u0107!<\/h3>\n<p>Mam na imi\u0119 Sylwia i jestem ksi\u0119gow\u0105. Zajmuj\u0119 si\u0119 m.in. obs\u0142ug\u0105 podatkow\u0105 fizjoterapeut\u00f3w i\u00a0masa\u017cyst\u00f3w. Stron\u0119 \u201eFizjoksi\u0119gowa\u201d stworzy\u0142am po to, by przybli\u017ca\u0107 Wam, drodzy Terapeuci, kwestie zwi\u0105zane z podatkami i ksi\u0119gowo\u015bci\u0105, z kt\u00f3rymi spotykacie si\u0119 prowadz\u0105c dzia\u0142alno\u015b\u0107 gospodarcz\u0105.<br \/>Na podstawie wielu rozm\u00f3w przeprowadzonych z Wami wiem, \u017ce cz\u0119sto trudno jest znale\u017a\u0107 informacje podatkowe nawi\u0105zuj\u0105ce do specyfiki Waszej bran\u017cy. Zale\u017cy mi na tym, \u017ceby\u015bcie byli \u015bwiadomymi podatkowo przedsi\u0119biorcami, dlatego chc\u0119 podzieli\u0107 si\u0119 z Wami wiedz\u0105 na ten temat. Raz w tygodniu b\u0119d\u0119 umieszcza\u0142a na tej stronie wpis odnosz\u0105cy si\u0119 do najcz\u0119\u015bciej zadawanych mi pyta\u0144. B\u0119d\u0105 to informacje nawi\u0105zuj\u0105ce do Waszej bran\u017cy, jak r\u00f3wnie\u017c uniwersalne dla wszystkich przedsi\u0119biorc\u00f3w.<\/p>\n<p style=\"margin: 0 0 8px 0;\">Mam nadziej\u0119, \u017ce znajdziecie tutaj co\u015b dla siebie.<\/p>\n<b>Zapraszam do \u015bledzenia Fizjoksi\u0119gowej!<\/b> <!-- \/wp:paragraph --><\/div>\n<!-- \/wp:column --><\/div>\n<!-- \/wp:columns -->\t\t\t\t\t\t<\/div>\n\t\t\t\t<\/div>\n\t\t\t\t\t<\/div>\n\t\t<\/div>\n\t\t\t\t\t\t\t<\/div>\n\t\t<\/section>\n\t\t\t\t\t\t\t<\/div>\n\t\t","protected":false},"excerpt":{"rendered":"<p>O mnie Cze\u015b\u0107! Mam na imi\u0119 Sylwia i jestem ksi\u0119gow\u0105. Zajmuj\u0119 si\u0119 m.in. obs\u0142ug\u0105 podatkow\u0105 fizjoterapeut\u00f3w i\u00a0masa\u017cyst\u00f3w. Stron\u0119 \u201eFizjoksi\u0119gowa\u201d stworzy\u0142am po to, by przybli\u017ca\u0107 Wam, drodzy Terapeuci, kwestie zwi\u0105zane z podatkami i ksi\u0119gowo\u015bci\u0105, z kt\u00f3rymi spotykacie si\u0119 prowadz\u0105c dzia\u0142alno\u015b\u0107 gospodarcz\u0105.Na podstawie wielu rozm\u00f3w przeprowadzonych z Wami wiem, \u017ce cz\u0119sto trudno jest znale\u017a\u0107 informacje podatkowe nawi\u0105zuj\u0105ce [&hellip;]<\/p>\n","protected":false},"author":1,"featured_media":24,"parent":0,"menu_order":0,"comment_status":"closed","ping_status":"closed","template":"","meta":{"footnotes":""},"class_list":["post-445","page","type-page","status-publish","has-post-thumbnail","hentry"],"_links":{"self":[{"href":"https:\/\/fizjoksiegowa.pl\/index.php?rest_route=\/wp\/v2\/pages\/445","targetHints":{"allow":["GET"]}}],"collection":[{"href":"https:\/\/fizjoksiegowa.pl\/index.php?rest_route=\/wp\/v2\/pages"}],"about":[{"href":"https:\/\/fizjoksiegowa.pl\/index.php?rest_route=\/wp\/v2\/types\/page"}],"author":[{"embeddable":true,"href":"https:\/\/fizjoksiegowa.pl\/index.php?rest_route=\/wp\/v2\/users\/1"}],"replies":[{"embeddable":true,"href":"https:\/\/fizjoksiegowa.pl\/index.php?rest_route=%2Fwp%2Fv2%2Fcomments&post=445"}],"version-history":[{"count":21,"href":"https:\/\/fizjoksiegowa.pl\/index.php?rest_route=\/wp\/v2\/pages\/445\/revisions"}],"predecessor-version":[{"id":1046,"href":"https:\/\/fizjoksiegowa.pl\/index.php?rest_route=\/wp\/v2\/pages\/445\/revisions\/1046"}],"wp:featuredmedia":[{"embeddable":true,"href":"https:\/\/fizjoksiegowa.pl\/index.php?rest_route=\/"}],"wp:attachment":[{"href":"https:\/\/fizjoksiegowa.pl\/index.php?rest_route=%2Fwp%2Fv2%2Fmedia&parent=445"}],"curies":[{"name":"wp","href":"https:\/\/api.w.org\/{rel}","templated":true}]}}